{"id":586,"date":"2020-10-14T04:24:49","date_gmt":"2020-10-14T04:24:49","guid":{"rendered":"https:\/\/gfruits.cl\/index.php\/home\/"},"modified":"2023-08-25T21:10:19","modified_gmt":"2023-08-25T21:10:19","slug":"inicio","status":"publish","type":"page","link":"https:\/\/gfruits.cl\/","title":{"rendered":"Inicio"},"content":{"rendered":"\t\t<div data-elementor-type=\"wp-page\" data-elementor-id=\"586\" class=\"elementor elementor-586\">\n\t\t\t\t\t\t\t\t\t<section class=\"elementor-section elementor-top-section elementor-element elementor-element-9e99be7 elementor-section-height-min-height elementor-section-boxed elementor-section-height-default elementor-section-items-middle\" data-id=\"9e99be7\" data-element_type=\"section\" data-settings=\"{&quot;background_background&quot;:&quot;classic&quot;}\">\n\t\t\t\t\t\t<div class=\"elementor-container elementor-column-gap-default\">\n\t\t\t\t\t<div class=\"elementor-column elementor-col-100 elementor-top-column elementor-element elementor-element-5ef8ca4\" data-id=\"5ef8ca4\" data-element_type=\"column\">\n\t\t\t<div class=\"elementor-widget-wrap elementor-element-populated\">\n\t\t\t\t\t\t\t\t<div class=\"elementor-element elementor-element-b8e16e4 elementor-widget elementor-widget-heading\" data-id=\"b8e16e4\" data-element_type=\"widget\" data-widget_type=\"heading.default\">\n\t\t\t\t<div class=\"elementor-widget-container\">\n\t\t\t<style>\/*! elementor - v3.15.0 - 20-08-2023 *\/\n.elementor-heading-title{padding:0;margin:0;line-height:1}.elementor-widget-heading .elementor-heading-title[class*=elementor-size-]>a{color:inherit;font-size:inherit;line-height:inherit}.elementor-widget-heading .elementor-heading-title.elementor-size-small{font-size:15px}.elementor-widget-heading .elementor-heading-title.elementor-size-medium{font-size:19px}.elementor-widget-heading .elementor-heading-title.elementor-size-large{font-size:29px}.elementor-widget-heading .elementor-heading-title.elementor-size-xl{font-size:39px}.elementor-widget-heading .elementor-heading-title.elementor-size-xxl{font-size:59px}<\/style><h1 class=\"elementor-heading-title elementor-size-default\">Frutas de Origen: \nConectando Cultivos con el Mundo <\/h1>\t\t<\/div>\n\t\t\t\t<\/div>\n\t\t\t\t<div class=\"elementor-element elementor-element-1da3672 elementor-widget elementor-widget-text-editor\" data-id=\"1da3672\" data-element_type=\"widget\" data-widget_type=\"text-editor.default\">\n\t\t\t\t<div class=\"elementor-widget-container\">\n\t\t\t<style>\/*! elementor - v3.15.0 - 20-08-2023 *\/\n.elementor-widget-text-editor.elementor-drop-cap-view-stacked .elementor-drop-cap{background-color:#69727d;color:#fff}.elementor-widget-text-editor.elementor-drop-cap-view-framed .elementor-drop-cap{color:#69727d;border:3px solid;background-color:transparent}.elementor-widget-text-editor:not(.elementor-drop-cap-view-default) .elementor-drop-cap{margin-top:8px}.elementor-widget-text-editor:not(.elementor-drop-cap-view-default) .elementor-drop-cap-letter{width:1em;height:1em}.elementor-widget-text-editor .elementor-drop-cap{float:left;text-align:center;line-height:1;font-size:50px}.elementor-widget-text-editor .elementor-drop-cap-letter{display:inline-block}<\/style>\t\t\t\t<p><span style=\"color: #000000;\">\u00danete a nosotros en este viaje y descubre un mundo de sabores aut\u00e9nticos que trascienden fronteras.<\/span><\/p>\t\t\t\t\t\t<\/div>\n\t\t\t\t<\/div>\n\t\t\t\t<div class=\"elementor-element elementor-element-189d0d7 elementor-widget__width-auto elementor-widget-tablet__width-inherit elementor-widget elementor-widget-button\" data-id=\"189d0d7\" data-element_type=\"widget\" data-widget_type=\"button.default\">\n\t\t\t\t<div class=\"elementor-widget-container\">\n\t\t\t\t\t<div class=\"elementor-button-wrapper\">\n\t\t\t<a class=\"elementor-button elementor-button-link elementor-size-sm\" href=\"https:\/\/gfruits.cl\/index.php\/servicios\/\">\n\t\t\t\t\t\t<span class=\"elementor-button-content-wrapper\">\n\t\t\t\t\t\t<span class=\"elementor-button-text\">Servicios<\/span>\n\t\t<\/span>\n\t\t\t\t\t<\/a>\n\t\t<\/div>\n\t\t\t\t<\/div>\n\t\t\t\t<\/div>\n\t\t\t\t<div class=\"elementor-element elementor-element-24a2c73 elementor-widget__width-auto elementor-widget elementor-widget-button\" data-id=\"24a2c73\" data-element_type=\"widget\" data-widget_type=\"button.default\">\n\t\t\t\t<div class=\"elementor-widget-container\">\n\t\t\t\t\t<div class=\"elementor-button-wrapper\">\n\t\t\t<a class=\"elementor-button elementor-button-link elementor-size-sm\" href=\"https:\/\/gfruits.cl\/index.php\/contacto\/\">\n\t\t\t\t\t\t<span class=\"elementor-button-content-wrapper\">\n\t\t\t\t\t\t<span class=\"elementor-button-text\">Contacto<\/span>\n\t\t<\/span>\n\t\t\t\t\t<\/a>\n\t\t<\/div>\n\t\t\t\t<\/div>\n\t\t\t\t<\/div>\n\t\t\t\t\t<\/div>\n\t\t<\/div>\n\t\t\t\t\t\t\t<\/div>\n\t\t<\/section>\n\t\t\t\t<section class=\"elementor-section elementor-top-section elementor-element elementor-element-a0f93a5 elementor-section-content-middle elementor-section-boxed elementor-section-height-default elementor-section-height-default\" data-id=\"a0f93a5\" data-element_type=\"section\" data-settings=\"{&quot;background_background&quot;:&quot;classic&quot;}\">\n\t\t\t\t\t\t<div class=\"elementor-container elementor-column-gap-no\">\n\t\t\t\t\t<div class=\"elementor-column elementor-col-50 elementor-top-column elementor-element elementor-element-c9f4930\" data-id=\"c9f4930\" data-element_type=\"column\">\n\t\t\t<div class=\"elementor-widget-wrap elementor-element-populated\">\n\t\t\t\t\t\t\t\t<div class=\"elementor-element elementor-element-92710f0 elementor-widget elementor-widget-image\" data-id=\"92710f0\" data-element_type=\"widget\" data-widget_type=\"image.default\">\n\t\t\t\t<div class=\"elementor-widget-container\">\n\t\t\t<style>\/*! elementor - v3.15.0 - 20-08-2023 *\/\n.elementor-widget-image{text-align:center}.elementor-widget-image a{display:inline-block}.elementor-widget-image a img[src$=\".svg\"]{width:48px}.elementor-widget-image img{vertical-align:middle;display:inline-block}<\/style>\t\t\t\t\t\t\t\t\t\t\t\t<img loading=\"lazy\" decoding=\"async\" width=\"600\" height=\"600\" src=\"https:\/\/gfruits.cl\/wp-content\/uploads\/2023\/08\/Diseno-sin-titulo-2.png\" class=\"attachment-full size-full wp-image-788\" alt=\"\" srcset=\"https:\/\/gfruits.cl\/wp-content\/uploads\/2023\/08\/Diseno-sin-titulo-2.png 600w, https:\/\/gfruits.cl\/wp-content\/uploads\/2023\/08\/Diseno-sin-titulo-2-300x300.png 300w, https:\/\/gfruits.cl\/wp-content\/uploads\/2023\/08\/Diseno-sin-titulo-2-150x150.png 150w\" sizes=\"auto, (max-width: 600px) 100vw, 600px\" \/>\t\t\t\t\t\t\t\t\t\t\t\t\t\t\t<\/div>\n\t\t\t\t<\/div>\n\t\t\t\t\t<\/div>\n\t\t<\/div>\n\t\t\t\t<div class=\"elementor-column elementor-col-50 elementor-top-column elementor-element elementor-element-1cb3ace\" data-id=\"1cb3ace\" data-element_type=\"column\">\n\t\t\t<div class=\"elementor-widget-wrap elementor-element-populated\">\n\t\t\t\t\t\t\t\t<div class=\"elementor-element elementor-element-026c3f2 elementor-widget elementor-widget-heading\" data-id=\"026c3f2\" data-element_type=\"widget\" data-widget_type=\"heading.default\">\n\t\t\t\t<div class=\"elementor-widget-container\">\n\t\t\t<h2 class=\"elementor-heading-title elementor-size-default\">Nosotros\n<span id=\"nosotros\" class=\"nav-item\"> <\/span>\n<\/h2>\t\t<\/div>\n\t\t\t\t<\/div>\n\t\t\t\t<div class=\"elementor-element elementor-element-1821365 elementor-widget elementor-widget-text-editor\" data-id=\"1821365\" data-element_type=\"widget\" data-widget_type=\"text-editor.default\">\n\t\t\t\t<div class=\"elementor-widget-container\">\n\t\t\t\t\t\t\t<p>Global Fruit Services es una empresa especialista en proveer frutas de la m\u00e1s alta\u00a0calidad y bajo los m\u00e1s estrictos est\u00e1ndares nacionales como internacionales, siendo nuestra principal expertis\u00a0la calidad org\u00e1nica. Nosotros como GFS buscamos abastecer a los distintos mercados existentes en el pa\u00eds y tambi\u00e9n a nivel internacional de productos que cuenten y cumplan con cada una de las exigencias solicitadas por cada uno de nuestros clientes.\u00a0<\/p>\t\t\t\t\t\t<\/div>\n\t\t\t\t<\/div>\n\t\t\t\t\t<\/div>\n\t\t<\/div>\n\t\t\t\t\t\t\t<\/div>\n\t\t<\/section>\n\t\t\t\t<section class=\"elementor-section elementor-top-section elementor-element elementor-element-4a7c54f9 elementor-section-content-middle elementor-section-boxed elementor-section-height-default elementor-section-height-default\" data-id=\"4a7c54f9\" data-element_type=\"section\" data-settings=\"{&quot;background_background&quot;:&quot;classic&quot;}\">\n\t\t\t\t\t\t\t<div class=\"elementor-background-overlay\"><\/div>\n\t\t\t\t\t\t\t<div class=\"elementor-container elementor-column-gap-no\">\n\t\t\t\t\t<div class=\"elementor-column elementor-col-66 elementor-top-column elementor-element elementor-element-3198ee3e\" data-id=\"3198ee3e\" data-element_type=\"column\">\n\t\t\t<div class=\"elementor-widget-wrap elementor-element-populated\">\n\t\t\t\t\t\t\t\t<div class=\"elementor-element elementor-element-4863e598 elementor-widget elementor-widget-heading\" data-id=\"4863e598\" data-element_type=\"widget\" data-widget_type=\"heading.default\">\n\t\t\t\t<div class=\"elementor-widget-container\">\n\t\t\t<div class=\"elementor-heading-title elementor-size-default\">Origen Org\u00e1nico, Sabor Aut\u00e9ntico.<\/div>\t\t<\/div>\n\t\t\t\t<\/div>\n\t\t\t\t\t<\/div>\n\t\t<\/div>\n\t\t\t\t<div class=\"elementor-column elementor-col-33 elementor-top-column elementor-element elementor-element-5f023400\" data-id=\"5f023400\" data-element_type=\"column\">\n\t\t\t<div class=\"elementor-widget-wrap\">\n\t\t\t\t\t\t\t\t\t<\/div>\n\t\t<\/div>\n\t\t\t\t\t\t\t<\/div>\n\t\t<\/section>\n\t\t\t\t\t\t\t<\/div>\n\t\t","protected":false},"excerpt":{"rendered":"<p>Frutas de Origen: Conectando Cultivos con el Mundo \u00danete a nosotros en este viaje y descubre un mundo de sabores aut\u00e9nticos que trascienden fronteras. Servicios Contacto Nosotros Global Fruit Services es una empresa especialista en proveer frutas de la m\u00e1s alta\u00a0calidad y bajo los m\u00e1s estrictos est\u00e1ndares nacionales como internacionales, siendo nuestra principal expertis\u00a0la calidad &hellip;<\/p>\n<p class=\"read-more\"> <a class=\"\" href=\"https:\/\/gfruits.cl\/\"> <span class=\"screen-reader-text\">Inicio<\/span> Leer m\u00e1s &raquo;<\/a><\/p>\n","protected":false},"author":1,"featured_media":0,"parent":0,"menu_order":0,"comment_status":"closed","ping_status":"closed","template":"","meta":{"site-sidebar-layout":"no-sidebar","site-content-layout":"page-builder","ast-site-content-layout":"","site-content-style":"default","site-sidebar-style":"default","ast-global-header-display":"","ast-banner-title-visibility":"","ast-main-header-display":"","ast-hfb-above-header-display":"","ast-hfb-below-header-display":"","ast-hfb-mobile-header-display":"","site-post-title":"disabled","ast-breadcrumbs-content":"","ast-featured-img":"disabled","footer-sml-layout":"","theme-transparent-header-meta":"enabled","adv-header-id-meta":"","stick-header-meta":"","header-above-stick-meta":"","header-main-stick-meta":"","header-below-stick-meta":"","astra-migrate-meta-layouts":"","footnotes":""},"class_list":["post-586","page","type-page","status-publish","hentry"],"yoast_head":"<!-- This site is optimized with the Yoast SEO plugin v21.0 - https:\/\/yoast.com\/wordpress\/plugins\/seo\/ -->\n<title>Inicio - Global Fruit Services<\/title>\n<meta name=\"robots\" content=\"index, follow, max-snippet:-1, max-image-preview:large, max-video-preview:-1\" \/>\n<link rel=\"canonical\" href=\"https:\/\/gfruits.cl\/\" \/>\n<meta property=\"og:locale\" content=\"es_ES\" \/>\n<meta property=\"og:type\" content=\"article\" \/>\n<meta property=\"og:title\" content=\"Inicio - Global Fruit Services\" \/>\n<meta property=\"og:description\" content=\"Frutas de Origen: Conectando Cultivos con el Mundo \u00danete a nosotros en este viaje y descubre un mundo de sabores aut\u00e9nticos que trascienden fronteras. Servicios Contacto Nosotros Global Fruit Services es una empresa especialista en proveer frutas de la m\u00e1s alta\u00a0calidad y bajo los m\u00e1s estrictos est\u00e1ndares nacionales como internacionales, siendo nuestra principal expertis\u00a0la calidad &hellip; Inicio Leer m\u00e1s &raquo;\" \/>\n<meta property=\"og:url\" content=\"https:\/\/gfruits.cl\/\" \/>\n<meta property=\"og:site_name\" content=\"Global Fruit Services\" \/>\n<meta property=\"article:modified_time\" content=\"2023-08-25T21:10:19+00:00\" \/>\n<meta property=\"og:image\" content=\"https:\/\/gfruits.cl\/wp-content\/uploads\/2023\/08\/Diseno-sin-titulo-2.png\" \/>\n<meta name=\"twitter:card\" content=\"summary_large_image\" \/>\n<meta name=\"twitter:label1\" content=\"Tiempo de lectura\" \/>\n\t<meta name=\"twitter:data1\" content=\"1 minuto\" \/>\n<script type=\"application\/ld+json\" class=\"yoast-schema-graph\">{\"@context\":\"https:\/\/schema.org\",\"@graph\":[{\"@type\":\"WebPage\",\"@id\":\"https:\/\/gfruits.cl\/\",\"url\":\"https:\/\/gfruits.cl\/\",\"name\":\"Inicio - Global Fruit Services\",\"isPartOf\":{\"@id\":\"https:\/\/gfruits.cl\/#website\"},\"datePublished\":\"2020-10-14T04:24:49+00:00\",\"dateModified\":\"2023-08-25T21:10:19+00:00\",\"breadcrumb\":{\"@id\":\"https:\/\/gfruits.cl\/#breadcrumb\"},\"inLanguage\":\"es\",\"potentialAction\":[{\"@type\":\"ReadAction\",\"target\":[\"https:\/\/gfruits.cl\/\"]}]},{\"@type\":\"BreadcrumbList\",\"@id\":\"https:\/\/gfruits.cl\/#breadcrumb\",\"itemListElement\":[{\"@type\":\"ListItem\",\"position\":1,\"name\":\"Portada\",\"item\":\"https:\/\/gfruits.cl\/\"},{\"@type\":\"ListItem\",\"position\":2,\"name\":\"Inicio\"}]},{\"@type\":\"WebSite\",\"@id\":\"https:\/\/gfruits.cl\/#website\",\"url\":\"https:\/\/gfruits.cl\/\",\"name\":\"Global Fruit Services\",\"description\":\"\",\"potentialAction\":[{\"@type\":\"SearchAction\",\"target\":{\"@type\":\"EntryPoint\",\"urlTemplate\":\"https:\/\/gfruits.cl\/?s={search_term_string}\"},\"query-input\":\"required name=search_term_string\"}],\"inLanguage\":\"es\"}]}<\/script>\n<!-- \/ Yoast SEO plugin. -->","yoast_head_json":{"title":"Inicio - Global Fruit Services","robots":{"index":"index","follow":"follow","max-snippet":"max-snippet:-1","max-image-preview":"max-image-preview:large","max-video-preview":"max-video-preview:-1"},"canonical":"https:\/\/gfruits.cl\/","og_locale":"es_ES","og_type":"article","og_title":"Inicio - Global Fruit Services","og_description":"Frutas de Origen: Conectando Cultivos con el Mundo \u00danete a nosotros en este viaje y descubre un mundo de sabores aut\u00e9nticos que trascienden fronteras. Servicios Contacto Nosotros Global Fruit Services es una empresa especialista en proveer frutas de la m\u00e1s alta\u00a0calidad y bajo los m\u00e1s estrictos est\u00e1ndares nacionales como internacionales, siendo nuestra principal expertis\u00a0la calidad &hellip; Inicio Leer m\u00e1s &raquo;","og_url":"https:\/\/gfruits.cl\/","og_site_name":"Global Fruit Services","article_modified_time":"2023-08-25T21:10:19+00:00","og_image":[{"url":"https:\/\/gfruits.cl\/wp-content\/uploads\/2023\/08\/Diseno-sin-titulo-2.png"}],"twitter_card":"summary_large_image","twitter_misc":{"Tiempo de lectura":"1 minuto"},"schema":{"@context":"https:\/\/schema.org","@graph":[{"@type":"WebPage","@id":"https:\/\/gfruits.cl\/","url":"https:\/\/gfruits.cl\/","name":"Inicio - Global Fruit Services","isPartOf":{"@id":"https:\/\/gfruits.cl\/#website"},"datePublished":"2020-10-14T04:24:49+00:00","dateModified":"2023-08-25T21:10:19+00:00","breadcrumb":{"@id":"https:\/\/gfruits.cl\/#breadcrumb"},"inLanguage":"es","potentialAction":[{"@type":"ReadAction","target":["https:\/\/gfruits.cl\/"]}]},{"@type":"BreadcrumbList","@id":"https:\/\/gfruits.cl\/#breadcrumb","itemListElement":[{"@type":"ListItem","position":1,"name":"Portada","item":"https:\/\/gfruits.cl\/"},{"@type":"ListItem","position":2,"name":"Inicio"}]},{"@type":"WebSite","@id":"https:\/\/gfruits.cl\/#website","url":"https:\/\/gfruits.cl\/","name":"Global Fruit Services","description":"","potentialAction":[{"@type":"SearchAction","target":{"@type":"EntryPoint","urlTemplate":"https:\/\/gfruits.cl\/?s={search_term_string}"},"query-input":"required name=search_term_string"}],"inLanguage":"es"}]}},"_links":{"self":[{"href":"https:\/\/gfruits.cl\/index.php\/wp-json\/wp\/v2\/pages\/586","targetHints":{"allow":["GET"]}}],"collection":[{"href":"https:\/\/gfruits.cl\/index.php\/wp-json\/wp\/v2\/pages"}],"about":[{"href":"https:\/\/gfruits.cl\/index.php\/wp-json\/wp\/v2\/types\/page"}],"author":[{"embeddable":true,"href":"https:\/\/gfruits.cl\/index.php\/wp-json\/wp\/v2\/users\/1"}],"replies":[{"embeddable":true,"href":"https:\/\/gfruits.cl\/index.php\/wp-json\/wp\/v2\/comments?post=586"}],"version-history":[{"count":146,"href":"https:\/\/gfruits.cl\/index.php\/wp-json\/wp\/v2\/pages\/586\/revisions"}],"predecessor-version":[{"id":877,"href":"https:\/\/gfruits.cl\/index.php\/wp-json\/wp\/v2\/pages\/586\/revisions\/877"}],"wp:attachment":[{"href":"https:\/\/gfruits.cl\/index.php\/wp-json\/wp\/v2\/media?parent=586"}],"curies":[{"name":"wp","href":"https:\/\/api.w.org\/{rel}","templated":true}]}}